    {"id":2053,"date":"2022-12-27T14:57:57","date_gmt":"2022-12-27T14:57:57","guid":{"rendered":"https:\/\/forex.sa.com\/?page_id=2053"},"modified":"2023-07-04T14:44:56","modified_gmt":"2023-07-04T12:44:56","slug":"gateway-payment-solution-providers","status":"publish","type":"page","link":"https:\/\/investmentbell.com\/pt_pt\/gateway-payment-solution-providers\/","title":{"rendered":"Provedores de solu\u00e7\u00f5es de pagamento de gateway"},"content":{"rendered":"<div id=\"tdi_1\" class=\"tdc-zone\"><div class=\"tdc_zone tdi_2  wpb_row td-pb-row\"  >\n<style scoped>\n\/* custom css - generated by TagDiv Composer *\/\n\n\/* custom css - generated by TagDiv Composer *\/\n.tdi_2{\r\n                    min-height: 0;\r\n                }\n<\/style><div id=\"tdi_3\" class=\"tdc-row\"><div class=\"vc_row tdi_4  wpb_row td-pb-row\" >\n<style scoped>\n\/* custom css - generated by TagDiv Composer *\/\n\n\/* custom css - generated by TagDiv Composer *\/\n.tdi_4,\r\n                .tdi_4 .tdc-columns{\r\n                    min-height: 0;\r\n                }.tdi_4,\r\n\t\t\t\t.tdi_4 .tdc-columns{\r\n\t\t\t\t    display: block;\r\n\t\t\t\t}.tdi_4 .tdc-columns{\r\n\t\t\t\t    width: 100%;\r\n\t\t\t\t}.tdi_4:before,\r\n\t\t\t\t.tdi_4:after{\r\n\t\t\t\t    display: table;\r\n\t\t\t\t}\n<\/style><div class=\"vc_column tdi_6  wpb_column vc_column_container tdc-column td-pb-span8\">\n<style scoped>\n\/* custom css - generated by TagDiv Composer *\/\n\n\/* custom css - generated by TagDiv Composer *\/\n.tdi_6{\r\n                    vertical-align: baseline;\r\n                }.tdi_6 > .wpb_wrapper,\r\n\t\t\t\t.tdi_6 > .wpb_wrapper > .tdc-elements{\r\n\t\t\t\t    display: block;\r\n\t\t\t\t}.tdi_6 > .wpb_wrapper > .tdc-elements{\r\n\t\t\t\t    width: 100%;\r\n\t\t\t\t}.tdi_6 > .wpb_wrapper > .vc_row_inner{\r\n\t\t\t\t    width: auto;\r\n\t\t\t\t}.tdi_6 > .wpb_wrapper{\r\n\t\t\t\t    width: auto;\r\n\t\t\t\t    height: auto;\r\n\t\t\t\t}\n<\/style><div class=\"wpb_wrapper\" ><div class=\"td_block_wrap td_block_text_with_title tdi_7 tagdiv-type td-pb-border-top td_block_template_1\"  data-td-block-uid=\"tdi_7\" >\n<style>\n\n\/* inline tdc_css att - generated by TagDiv Composer *\/\n\n.tdi_7{\nmargin-top:50px !important;\n}\n\n<\/style>\n<style>\n\/* custom css - generated by TagDiv Composer *\/\n.td_block_text_with_title{\r\n                  margin-bottom: 44px;\r\n                  -webkit-transform: translateZ(0);\r\n                  transform: translateZ(0);\r\n                }.td_block_text_with_title p:last-child{\r\n                  margin-bottom: 0;\r\n                }\n<\/style><div class=\"td-block-title-wrap\"><\/div><div class=\"td_mod_wrap td-fix-index\"><h1 class=\"entry-title td-page-title\">Provedores de solu\u00e7\u00f5es de pagamento de gateway<\/h1>\n<p class=\"introduction__description\">Um provedor de solu\u00e7\u00e3o de pagamento de gateway \u00e9 uma empresa ou organiza\u00e7\u00e3o que oferece uma plataforma ou servi\u00e7o que permite transa\u00e7\u00f5es online. As solu\u00e7\u00f5es de pagamento de gateway fornecem uma conex\u00e3o segura entre o site de um comerciante e o m\u00e9todo de pagamento de um cliente, como cart\u00e3o de cr\u00e9dito ou conta banc\u00e1ria.<\/p>\n<\/div><\/div><\/div><\/div><div class=\"vc_column tdi_9  wpb_column vc_column_container tdc-column td-pb-span4\">\n<style scoped>\n\/* custom css - generated by TagDiv Composer *\/\n\n\/* custom css - generated by TagDiv Composer *\/\n.tdi_9{\r\n                    vertical-align: baseline;\r\n                }.tdi_9 > .wpb_wrapper,\r\n\t\t\t\t.tdi_9 > .wpb_wrapper > .tdc-elements{\r\n\t\t\t\t    display: block;\r\n\t\t\t\t}.tdi_9 > .wpb_wrapper > .tdc-elements{\r\n\t\t\t\t    width: 100%;\r\n\t\t\t\t}.tdi_9 > .wpb_wrapper > .vc_row_inner{\r\n\t\t\t\t    width: auto;\r\n\t\t\t\t}.tdi_9 > .wpb_wrapper{\r\n\t\t\t\t    width: auto;\r\n\t\t\t\t    height: auto;\r\n\t\t\t\t}\n<\/style><div class=\"wpb_wrapper\" ><div class=\"tdm_block td_block_wrap tdm_block_inline_image tdi_10 td-animation-stack tdm-inline-block tdm-content-horiz-left td-pb-border-top td_block_template_1\"  data-td-block-uid=\"tdi_10\" >\n<style>\n\/* custom css - generated by TagDiv Composer *\/\n.tdm_block.tdm_block_inline_image{\r\n                  position: relative;\r\n                  margin-bottom: 0;\r\n                  line-height: 0;\r\n                  overflow: hidden;\r\n                }.tdm_block.tdm_block_inline_image .tdm-inline-image-wrap{\r\n                  position: relative;\r\n                  display: inline-block;\r\n                }.tdm_block.tdm_block_inline_image .td-image-video-modal{\r\n                  cursor: pointer;\r\n                }.tdm_block.tdm_block_inline_image .tdm-caption{\r\n                  width: 100%;\r\n                  font-family: Verdana, BlinkMacSystemFont, -apple-system, \"Segoe UI\", Roboto, Oxygen, Ubuntu, Cantarell, \"Open Sans\", \"Helvetica Neue\", sans-serif;\r\n                  padding-top: 6px;\r\n                  padding-bottom: 6px;\r\n                  font-size: 12px;\r\n                  font-style: italic;\r\n                  font-weight: normal;\r\n                  line-height: 17px;\r\n                  color: #444;\r\n                }.tdm_block.tdm_block_inline_image.tdm-caption-over-image .tdm-caption{\r\n                  position: absolute;\r\n                  left: 0;\r\n                  bottom: 0;\r\n                  margin-top: 0;\r\n                  padding-left: 10px;\r\n                  padding-right: 10px;\r\n                  width: 100%;\r\n                  background: rgba(0, 0, 0, 0.7);\r\n                  color: #fff;\r\n                }.tdi_10 .tdm-inline-image-wrap:hover:before{\r\n                    opacity: 0;\r\n                }.tdi_10 .tdm-image{\r\n\t\t\t\t\tborder-color:  #eaeaea;\r\n\t\t\t\t}\n<\/style><div class=\"tdm-inline-image-wrap\" ><img loading=\"lazy\" decoding=\"async\" class=\"tdm-image td-fix-index td-lazy-img\" src=\"data:image\/png;base64,iVBORw0KGgoAAAAANSUhEUgAABCwAAAJEAQMAAADnqyfeAAAAA1BMVEWurq51dlI4AAAAAAXRSTlMmkutdmwAAAG9JREFUeNrswYEAAAAAgKD9qRepAgAAAAAAAAAAAAAAAAAAAAAAAAAAAAAAAAAAAAAAAAAAAAAAAAAAAAAA AAAAAAAAAAAAAAAAAAAADg9uCQAAAAAEDQ\/9fOsAAAAAAAAAAAAAAAAAAAAAAsAox6wABwRHV3QAAAABJRU5ErkJggg==\" data-type=\"image_tag\" data-img-url=\"https:\/\/investmentbell.com\/wp-content\/uploads\/2022\/12\/680-300x240.jpg\"  title=\"680\" alt=\"680\" width=\"300\" height=\"240\"><\/div><\/div><\/div><\/div><\/div><\/div><div id=\"tdi_11\" class=\"tdc-row\"><div class=\"vc_row tdi_12  wpb_row td-pb-row\" >\n<style scoped>\n\/* custom css - generated by TagDiv Composer *\/\n\n\/* custom css - generated by TagDiv Composer *\/\n.tdi_12,\r\n                .tdi_12 .tdc-columns{\r\n                    min-height: 0;\r\n                }.tdi_12,\r\n\t\t\t\t.tdi_12 .tdc-columns{\r\n\t\t\t\t    display: block;\r\n\t\t\t\t}.tdi_12 .tdc-columns{\r\n\t\t\t\t    width: 100%;\r\n\t\t\t\t}.tdi_12:before,\r\n\t\t\t\t.tdi_12:after{\r\n\t\t\t\t    display: table;\r\n\t\t\t\t}\n<\/style><div class=\"vc_column tdi_14  wpb_column vc_column_container tdc-column td-pb-span12\">\n<style scoped>\n\/* custom css - generated by TagDiv Composer *\/\n\n\/* custom css - generated by TagDiv Composer *\/\n.tdi_14{\r\n                    vertical-align: baseline;\r\n                }.tdi_14 > .wpb_wrapper,\r\n\t\t\t\t.tdi_14 > .wpb_wrapper > .tdc-elements{\r\n\t\t\t\t    display: block;\r\n\t\t\t\t}.tdi_14 > .wpb_wrapper > .tdc-elements{\r\n\t\t\t\t    width: 100%;\r\n\t\t\t\t}.tdi_14 > .wpb_wrapper > .vc_row_inner{\r\n\t\t\t\t    width: auto;\r\n\t\t\t\t}.tdi_14 > .wpb_wrapper{\r\n\t\t\t\t    width: auto;\r\n\t\t\t\t    height: auto;\r\n\t\t\t\t}\n<\/style><div class=\"wpb_wrapper\" ><div class=\"tdm_block td_block_wrap tdm_block_fancy_text_image tdi_15 td_block_fancy_text tdm-layout-default tdm-content-horiz-left tdm-content-vert-top td-pb-border-top td_block_template_1 tdm-mobile-full\"  data-td-block-uid=\"tdi_15\" >\n<style>\n\/* custom css - generated by TagDiv Composer *\/\n.td_block_fancy_text .tdm-fancy-title{\r\n                  font-family: var(--td_default_google_font_2, 'Roboto', sans-serif);\r\n                  font-size: 155px;\r\n                  font-weight: bold;\r\n                  line-height: 106px;\r\n                  letter-spacing: -8px;\r\n                  margin-top: -5px;\r\n                  margin-bottom: -60px;\r\n                }.td_block_fancy_text .tdm-fancy-title span{\r\n                  display: block;\r\n                  word-break: break-word;\r\n                  padding: 10px 10px 47px 0;\r\n                }.td_block_fancy_text .tdm-fancy-title1{\r\n                  color: #333;\r\n                }.td_block_fancy_text .tdm-fancy-title2{\r\n                  color: #fff;\r\n                  text-shadow: 2px 8px 27px rgba(0, 0, 0, 0.1);\r\n                  top: -60px;\r\n                  position: relative;\r\n                }.td_block_fancy_text .tdm-btn{\r\n                  margin-top: 10px;\r\n                  margin-bottom: 10px;\r\n                }.td_block_fancy_text.tdm-content-horiz-center .tdm-fancy-title span{\r\n                  margin: 0 auto;\r\n                }.td_block_fancy_text.tdm-content-horiz-right .tdm-fancy-title span{\r\n                  margin-left: auto;\r\n                }body .tdi_15 .tdm-fancy-title2{\r\n\t\t\t\t\tcolor: #c4902d;\r\n\t\t\t\t}.tdi_15 .tdm-fancy-title1{\r\n\t\t\t\t\tfont-size:80px !important;letter-spacing:-3px !important;\r\n\t\t\t\t}.tdi_15 .tdm-fancy-title2{\r\n\t\t\t\t\tfont-size:100px !important;line-height:0.2 !important;\r\n\t\t\t\t}@media (min-width: 1019px) and (max-width: 1140px) {\r\n                  .td_block_fancy_text .tdm-fancy-title {\r\n                    font-size: 120px;\r\n                    line-height: 80px;\r\n                    letter-spacing: -6px;\r\n                  }\r\n                }@media (min-width: 768px) and (max-width: 1018px) {\r\n                  .td_block_fancy_text .tdm-fancy-title {\r\n                    font-size: 98px;\r\n                    line-height: 70px;\r\n                    letter-spacing: -4px;\r\n                  }\r\n                }@media (max-width: 767px) {\r\n                  .td_block_fancy_text .tdm-fancy-title {\r\n                    font-size: 72px;\r\n                    line-height: 44px;\r\n                    letter-spacing: -4px;\r\n                    margin-top: 40px;\r\n                    margin-bottom: -76px;\r\n                  }\r\n                }@media (max-width: 767px) {\r\n                  .td_block_fancy_text.tdm-flip-yes .tdm-fancy-title,\r\n                  .td_block_fancy_text.tdm-flip-yes .tdm-image {\r\n                    margin-top: 30px;\r\n                  }\r\n                }\n<\/style><div class=\"td-block-width\"><div class=\"td-block-row tdm-row td-fix-index\"><div class=\"td-block-span5 tdm-col tdm-col-img\"><img loading=\"lazy\" decoding=\"async\" class=\"tdm-image\" src=\"https:\/\/investmentbell.com\/wp-content\/uploads\/2022\/12\/Synthetic-make-it-custom-\u2013-27.png\" width=\"672\" height=\"672\" title=\"Fornecedor\" alt=\"\"><\/div><div class=\"td-block-span7 tdm-col\"><div class=\"tdm-text-wrap tdm-text-padding\"><h3 class=\"tdm-fancy-title\"><span class=\"tdm-fancy-title1\">Fornecedor<\/span><span class=\"tdm-fancy-title2\">Nome 1<\/span><\/h3><p class=\"tdm-descr\">Informa\u00e7\u00f5es sobre este provedor.<\/p>\n<style>\n\/* custom css - generated by TagDiv Composer *\/\nbody .tdi_16{\r\n\t\t\t\t\tbackground-color: #c4902d;\r\n\t\t\t\t}.tdi_16 .tdm-btn-text,\r\n\t\t\t\t.tdi_16 i{\r\n\t\t\t\t\tcolor: #ffffff;\r\n\t\t\t\t}.tdi_16 svg{\r\n\t\t\t\t    fill: #ffffff;\r\n\t\t\t\t}.tdi_16 svg *{\r\n\t\t\t\t    fill: inherit;\r\n\t\t\t\t}body .tdi_16 .tdm-btn-icon:last-child{\r\n\t\t\t\t\tmargin-left: 14px;\r\n\t\t\t\t}.tdi_16{\r\n\t\t\t\t\tbox-shadow:  0px 2px 16px 0px rgba(0, 0, 0, 0.1);\r\n\t\t\t\t}.tdi_16:hover{\r\n\t\t\t\t\tbox-shadow:  0px 2px 26px 0px rgba(0, 0, 0, 0.1);\r\n\t\t\t\t}\n<\/style><div class=\"tds-button td-fix-index\"><a href=\"#\"  title=\"Ir para o site\" class=\"tds-button3 tdm-btn tdm-btn-lg tdi_16\"  target=\"_blank\" ><span class=\"tdm-btn-text\">Ir para o site<\/span><i class=\"tdm-btn-icon tdc-font-fa tdc-font-fa-chevron-right\"><\/i><\/a><\/div><\/div><\/div><\/div><\/div><\/div><div class=\"tdm_block td_block_wrap tdm_block_fancy_text_image tdi_17 td_block_fancy_text tdm-layout-default tdm-content-horiz-left tdm-content-vert-top td-pb-border-top td_block_template_1 tdm-mobile-full\"  data-td-block-uid=\"tdi_17\" >\n<style>\n\/* custom css - generated by TagDiv Composer *\/\nbody .tdi_17 .tdm-fancy-title2{\r\n\t\t\t\t\tcolor: #c4902d;\r\n\t\t\t\t}.tdi_17 .tdm-fancy-title1{\r\n\t\t\t\t\tfont-size:80px !important;letter-spacing:-3px !important;\r\n\t\t\t\t}.tdi_17 .tdm-fancy-title2{\r\n\t\t\t\t\tfont-size:100px !important;line-height:0.2 !important;\r\n\t\t\t\t}\n<\/style><div class=\"td-block-width\"><div class=\"td-block-row tdm-row td-fix-index\"><div class=\"td-block-span5 tdm-col tdm-col-img\"><img loading=\"lazy\" decoding=\"async\" class=\"tdm-image\" src=\"https:\/\/investmentbell.com\/wp-content\/uploads\/2022\/12\/Synthetic-make-it-custom-\u2013-27.png\" width=\"672\" height=\"672\" title=\"Fornecedor\" alt=\"\"><\/div><div class=\"td-block-span7 tdm-col\"><div class=\"tdm-text-wrap tdm-text-padding\"><h3 class=\"tdm-fancy-title\"><span class=\"tdm-fancy-title1\">Fornecedor<\/span><span class=\"tdm-fancy-title2\">Nome 2<\/span><\/h3><p class=\"tdm-descr\">Informa\u00e7\u00f5es sobre este provedor.<\/p>\n<style>\n\/* custom css - generated by TagDiv Composer *\/\nbody .tdi_18{\r\n\t\t\t\t\tbackground-color: #c4902d;\r\n\t\t\t\t}.tdi_18 .tdm-btn-text,\r\n\t\t\t\t.tdi_18 i{\r\n\t\t\t\t\tcolor: #ffffff;\r\n\t\t\t\t}.tdi_18 svg{\r\n\t\t\t\t    fill: #ffffff;\r\n\t\t\t\t}.tdi_18 svg *{\r\n\t\t\t\t    fill: inherit;\r\n\t\t\t\t}body .tdi_18 .tdm-btn-icon:last-child{\r\n\t\t\t\t\tmargin-left: 14px;\r\n\t\t\t\t}.tdi_18{\r\n\t\t\t\t\tbox-shadow:  0px 2px 16px 0px rgba(0, 0, 0, 0.1);\r\n\t\t\t\t}.tdi_18:hover{\r\n\t\t\t\t\tbox-shadow:  0px 2px 26px 0px rgba(0, 0, 0, 0.1);\r\n\t\t\t\t}\n<\/style><div class=\"tds-button td-fix-index\"><a href=\"#\"  title=\"Ir para o site\" class=\"tds-button3 tdm-btn tdm-btn-lg tdi_18\"  target=\"_blank\" ><span class=\"tdm-btn-text\">Ir para o site<\/span><i class=\"tdm-btn-icon tdc-font-fa tdc-font-fa-chevron-right\"><\/i><\/a><\/div><\/div><\/div><\/div><\/div><\/div><div class=\"tdm_block td_block_wrap tdm_block_fancy_text_image tdi_19 td_block_fancy_text tdm-layout-default tdm-content-horiz-left tdm-content-vert-top td-pb-border-top td_block_template_1 tdm-mobile-full\"  data-td-block-uid=\"tdi_19\" >\n<style>\n\/* custom css - generated by TagDiv Composer *\/\nbody .tdi_19 .tdm-fancy-title2{\r\n\t\t\t\t\tcolor: #c4902d;\r\n\t\t\t\t}.tdi_19 .tdm-fancy-title1{\r\n\t\t\t\t\tfont-size:80px !important;letter-spacing:-3px !important;\r\n\t\t\t\t}.tdi_19 .tdm-fancy-title2{\r\n\t\t\t\t\tfont-size:100px !important;line-height:0.2 !important;\r\n\t\t\t\t}\n<\/style><div class=\"td-block-width\"><div class=\"td-block-row tdm-row td-fix-index\"><div class=\"td-block-span5 tdm-col tdm-col-img\"><img loading=\"lazy\" decoding=\"async\" class=\"tdm-image\" src=\"https:\/\/investmentbell.com\/wp-content\/uploads\/2022\/12\/Synthetic-make-it-custom-\u2013-27.png\" width=\"672\" height=\"672\" title=\"Fornecedor\" alt=\"\"><\/div><div class=\"td-block-span7 tdm-col\"><div class=\"tdm-text-wrap tdm-text-padding\"><h3 class=\"tdm-fancy-title\"><span class=\"tdm-fancy-title1\">Fornecedor<\/span><span class=\"tdm-fancy-title2\">Nome 3<\/span><\/h3><p class=\"tdm-descr\">Informa\u00e7\u00f5es sobre este provedor.<\/p>\n<style>\n\/* custom css - generated by TagDiv Composer *\/\nbody .tdi_20{\r\n\t\t\t\t\tbackground-color: #c4902d;\r\n\t\t\t\t}.tdi_20 .tdm-btn-text,\r\n\t\t\t\t.tdi_20 i{\r\n\t\t\t\t\tcolor: #ffffff;\r\n\t\t\t\t}.tdi_20 svg{\r\n\t\t\t\t    fill: #ffffff;\r\n\t\t\t\t}.tdi_20 svg *{\r\n\t\t\t\t    fill: inherit;\r\n\t\t\t\t}body .tdi_20 .tdm-btn-icon:last-child{\r\n\t\t\t\t\tmargin-left: 14px;\r\n\t\t\t\t}.tdi_20{\r\n\t\t\t\t\tbox-shadow:  0px 2px 16px 0px rgba(0, 0, 0, 0.1);\r\n\t\t\t\t}.tdi_20:hover{\r\n\t\t\t\t\tbox-shadow:  0px 2px 26px 0px rgba(0, 0, 0, 0.1);\r\n\t\t\t\t}\n<\/style><div class=\"tds-button td-fix-index\"><a href=\"#\"  title=\"Ir para o site\" class=\"tds-button3 tdm-btn tdm-btn-lg tdi_20\"  target=\"_blank\" ><span class=\"tdm-btn-text\">Ir para o site<\/span><i class=\"tdm-btn-icon tdc-font-fa tdc-font-fa-chevron-right\"><\/i><\/a><\/div><\/div><\/div><\/div><\/div><\/div><\/div><\/div><\/div><\/div><\/div><\/div>","protected":false},"excerpt":{"rendered":"","protected":false},"author":13,"featured_media":0,"parent":0,"menu_order":0,"comment_status":"closed","ping_status":"closed","template":"","meta":{"footnotes":""},"class_list":["post-2053","page","type-page","status-publish"],"_links":{"self":[{"href":"https:\/\/investmentbell.com\/pt_pt\/wp-json\/wp\/v2\/pages\/2053","targetHints":{"allow":["GET"]}}],"collection":[{"href":"https:\/\/investmentbell.com\/pt_pt\/wp-json\/wp\/v2\/pages"}],"about":[{"href":"https:\/\/investmentbell.com\/pt_pt\/wp-json\/wp\/v2\/types\/page"}],"author":[{"embeddable":true,"href":"https:\/\/investmentbell.com\/pt_pt\/wp-json\/wp\/v2\/users\/13"}],"replies":[{"embeddable":true,"href":"https:\/\/investmentbell.com\/pt_pt\/wp-json\/wp\/v2\/comments?post=2053"}],"version-history":[{"count":0,"href":"https:\/\/investmentbell.com\/pt_pt\/wp-json\/wp\/v2\/pages\/2053\/revisions"}],"wp:attachment":[{"href":"https:\/\/investmentbell.com\/pt_pt\/wp-json\/wp\/v2\/media?parent=2053"}],"curies":[{"name":"wp","href":"https:\/\/api.w.org\/{rel}","templated":true}]}}