    {"id":2051,"date":"2022-12-27T14:57:29","date_gmt":"2022-12-27T12:57:29","guid":{"rendered":"https:\/\/forex.sa.com\/?page_id=2051"},"modified":"2023-07-04T14:47:28","modified_gmt":"2023-07-04T12:47:28","slug":"technology-providers","status":"publish","type":"page","link":"https:\/\/investmentbell.com\/pt\/technology-providers\/","title":{"rendered":"Provedores de tecnologia"},"content":{"rendered":"<div id=\"tdi_1\" class=\"tdc-zone\"><div class=\"tdc_zone tdi_2  wpb_row td-pb-row\"  >\n<style scoped>\n\/* custom css - generated by TagDiv Composer *\/\n\n\/* custom css - generated by TagDiv Composer *\/\n.tdi_2{\r\n                    min-height: 0;\r\n                }\n<\/style><div id=\"tdi_3\" class=\"tdc-row\"><div class=\"vc_row tdi_4  wpb_row td-pb-row\" >\n<style scoped>\n\/* custom css - generated by TagDiv Composer *\/\n\n\/* custom css - generated by TagDiv Composer *\/\n.tdi_4,\r\n                .tdi_4 .tdc-columns{\r\n                    min-height: 0;\r\n                }.tdi_4,\r\n\t\t\t\t.tdi_4 .tdc-columns{\r\n\t\t\t\t    display: block;\r\n\t\t\t\t}.tdi_4 .tdc-columns{\r\n\t\t\t\t    width: 100%;\r\n\t\t\t\t}.tdi_4:before,\r\n\t\t\t\t.tdi_4:after{\r\n\t\t\t\t    display: table;\r\n\t\t\t\t}\n<\/style><div class=\"vc_column tdi_6  wpb_column vc_column_container tdc-column td-pb-span8\">\n<style scoped>\n\/* custom css - generated by TagDiv Composer *\/\n\n\/* custom css - generated by TagDiv Composer *\/\n.tdi_6{\r\n                    vertical-align: baseline;\r\n                }.tdi_6 > .wpb_wrapper,\r\n\t\t\t\t.tdi_6 > .wpb_wrapper > .tdc-elements{\r\n\t\t\t\t    display: block;\r\n\t\t\t\t}.tdi_6 > .wpb_wrapper > .tdc-elements{\r\n\t\t\t\t    width: 100%;\r\n\t\t\t\t}.tdi_6 > .wpb_wrapper > .vc_row_inner{\r\n\t\t\t\t    width: auto;\r\n\t\t\t\t}.tdi_6 > .wpb_wrapper{\r\n\t\t\t\t    width: auto;\r\n\t\t\t\t    height: auto;\r\n\t\t\t\t}\n<\/style><div class=\"wpb_wrapper\" ><div class=\"td_block_wrap td_block_text_with_title tdi_7 tagdiv-type td-pb-border-top td_block_template_1\"  data-td-block-uid=\"tdi_7\" >\n<style>\n\n\/* inline tdc_css att - generated by TagDiv Composer *\/\n\n.tdi_7{\nmargin-top:50px !important;\n}\n\n<\/style>\n<style>\n\/* custom css - generated by TagDiv Composer *\/\n.td_block_text_with_title{\r\n                  margin-bottom: 44px;\r\n                  -webkit-transform: translateZ(0);\r\n                  transform: translateZ(0);\r\n                }.td_block_text_with_title p:last-child{\r\n                  margin-bottom: 0;\r\n                }\n<\/style><div class=\"td-block-title-wrap\"><\/div><div class=\"td_mod_wrap td-fix-index\"><h1 class=\"introduction__title\">Provedores de tecnologia<\/h1>\n<p class=\"introduction__description\">Provedores de tecnologia s\u00e3o empresas ou organiza\u00e7\u00f5es que oferecem produtos ou servi\u00e7os relacionados \u00e0 tecnologia. Essas empresas s\u00e3o respons\u00e1veis por desenvolver, fabricar e fornecer solu\u00e7\u00f5es tecnol\u00f3gicas que ajudam empresas e indiv\u00edduos a melhorar suas opera\u00e7\u00f5es di\u00e1rias e atingir seus objetivos. Alguns dos fornecedores de tecnologia mais conhecidos incluem Microsoft, Apple, Amazon, Google e IBM. Os provedores de tecnologia geralmente se especializam em \u00e1reas espec\u00edficas, como software, hardware ou computa\u00e7\u00e3o em nuvem. Eles visam fornecer solu\u00e7\u00f5es de ponta que sejam f\u00e1ceis de usar e altamente funcionais. Essas empresas desempenham um papel crucial em moldar o futuro da tecnologia e impulsionar a inova\u00e7\u00e3o. Eles investem pesadamente em pesquisa e desenvolvimento para garantir que permane\u00e7am \u00e0 frente e forne\u00e7am produtos que atendam \u00e0s crescentes necessidades de seus clientes.<\/p>\n<\/div><\/div><\/div><\/div><div class=\"vc_column tdi_9  wpb_column vc_column_container tdc-column td-pb-span4\">\n<style scoped>\n\/* custom css - generated by TagDiv Composer *\/\n\n\/* custom css - generated by TagDiv Composer *\/\n.tdi_9{\r\n                    vertical-align: baseline;\r\n                }.tdi_9 > .wpb_wrapper,\r\n\t\t\t\t.tdi_9 > .wpb_wrapper > .tdc-elements{\r\n\t\t\t\t    display: block;\r\n\t\t\t\t}.tdi_9 > .wpb_wrapper > .tdc-elements{\r\n\t\t\t\t    width: 100%;\r\n\t\t\t\t}.tdi_9 > .wpb_wrapper > .vc_row_inner{\r\n\t\t\t\t    width: auto;\r\n\t\t\t\t}.tdi_9 > .wpb_wrapper{\r\n\t\t\t\t    width: auto;\r\n\t\t\t\t    height: auto;\r\n\t\t\t\t}\n<\/style><div class=\"wpb_wrapper\" ><div class=\"tdm_block td_block_wrap tdm_block_inline_image tdi_10 td-animation-stack tdm-inline-block tdm-content-horiz-left td-pb-border-top td_block_template_1\"  data-td-block-uid=\"tdi_10\" >\n<style>\n\/* custom css - generated by TagDiv Composer *\/\n.tdm_block.tdm_block_inline_image{\r\n                  position: relative;\r\n                  margin-bottom: 0;\r\n                  line-height: 0;\r\n                  overflow: hidden;\r\n                }.tdm_block.tdm_block_inline_image .tdm-inline-image-wrap{\r\n                  position: relative;\r\n                  display: inline-block;\r\n                }.tdm_block.tdm_block_inline_image .td-image-video-modal{\r\n                  cursor: pointer;\r\n                }.tdm_block.tdm_block_inline_image .tdm-caption{\r\n                  width: 100%;\r\n                  font-family: Verdana, BlinkMacSystemFont, -apple-system, \"Segoe UI\", Roboto, Oxygen, Ubuntu, Cantarell, \"Open Sans\", \"Helvetica Neue\", sans-serif;\r\n                  padding-top: 6px;\r\n                  padding-bottom: 6px;\r\n                  font-size: 12px;\r\n                  font-style: italic;\r\n                  font-weight: normal;\r\n                  line-height: 17px;\r\n                  color: #444;\r\n                }.tdm_block.tdm_block_inline_image.tdm-caption-over-image .tdm-caption{\r\n                  position: absolute;\r\n                  left: 0;\r\n                  bottom: 0;\r\n                  margin-top: 0;\r\n                  padding-left: 10px;\r\n                  padding-right: 10px;\r\n                  width: 100%;\r\n                  background: rgba(0, 0, 0, 0.7);\r\n                  color: #fff;\r\n                }.tdi_10 .tdm-inline-image-wrap:hover:before{\r\n                    opacity: 0;\r\n                }.tdi_10 .tdm-image{\r\n\t\t\t\t\tborder-color:  #eaeaea;\r\n\t\t\t\t}\n<\/style><div class=\"tdm-inline-image-wrap\" ><img loading=\"lazy\" decoding=\"async\" class=\"tdm-image td-fix-index td-lazy-img\" src=\"data:image\/png;base64,iVBORw0KGgoAAAAANSUhEUgAABCwAAAJEAQMAAADnqyfeAAAAA1BMVEWurq51dlI4AAAAAAXRSTlMmkutdmwAAAG9JREFUeNrswYEAAAAAgKD9qRepAgAAAAAAAAAAAAAAAAAAAAAAAAAAAAAAAAAAAAAAAAAAAAAAAAAAAAAA AAAAAAAAAAAAAAAAAAAADg9uCQAAAAAEDQ\/9fOsAAAAAAAAAAAAAAAAAAAAAAsAox6wABwRHV3QAAAABJRU5ErkJggg==\" data-type=\"image_tag\" data-img-url=\"https:\/\/investmentbell.com\/wp-content\/uploads\/2023\/03\/680-300x240-1-300x300.jpg\"  title=\"680 300&#215;240 1\" alt=\"680 300x240 1\" width=\"300\" height=\"300\"><\/div><\/div><\/div><\/div><\/div><\/div><div id=\"tdi_11\" class=\"tdc-row\"><div class=\"vc_row tdi_12 technology_provider_row wpb_row td-pb-row\" >\n<style scoped>\n\/* custom css - generated by TagDiv Composer *\/\n\n\/* custom css - generated by TagDiv Composer *\/\n.tdi_12,\r\n                .tdi_12 .tdc-columns{\r\n                    min-height: 0;\r\n                }.tdi_12,\r\n\t\t\t\t.tdi_12 .tdc-columns{\r\n\t\t\t\t    display: flex;\r\n\t\t\t\t\r\n\t\t\t\t    flex-direction: row;\r\n\t\t\t\t\r\n\t\t\t\t    flex-wrap: nowrap;\r\n\t\t\t\t\r\n\t\t\t\t    justify-content: flex-start;\r\n\t\t\t\t\r\n\t\t\t\t    align-items: center;\r\n\t\t\t\t}.tdi_12 .tdc-columns{\r\n\t\t\t\t    width: 100%;\r\n\t\t\t\t}.tdi_12:before,\r\n\t\t\t\t.tdi_12:after{\r\n\t\t\t\t    display: none;\r\n\t\t\t\t}\n<\/style><div class=\"vc_column tdi_14  wpb_column vc_column_container tdc-column td-pb-span3\">\n<style scoped>\n\/* custom css - generated by TagDiv Composer *\/\n\n\/* custom css - generated by TagDiv Composer *\/\n.tdi_14{\r\n                    vertical-align: baseline;\r\n                }.tdi_14 > .wpb_wrapper,\r\n\t\t\t\t.tdi_14 > .wpb_wrapper > .tdc-elements{\r\n\t\t\t\t    display: block;\r\n\t\t\t\t}.tdi_14 > .wpb_wrapper > .tdc-elements{\r\n\t\t\t\t    width: 100%;\r\n\t\t\t\t}.tdi_14 > .wpb_wrapper > .vc_row_inner{\r\n\t\t\t\t    width: auto;\r\n\t\t\t\t}.tdi_14 > .wpb_wrapper{\r\n\t\t\t\t    width: auto;\r\n\t\t\t\t    height: auto;\r\n\t\t\t\t}\n<\/style><div class=\"wpb_wrapper\" ><div class=\"tdm_block td_block_wrap tdm_block_inline_image tdi_15 td-animation-stack tdm-inline-block tdm-content-horiz-left td-pb-border-top partner td_block_template_1\"  data-td-block-uid=\"tdi_15\" >\n<style>\n\/* custom css - generated by TagDiv Composer *\/\n.tdi_15 .tdm-inline-image-wrap:hover:before{\r\n                    opacity: 0;\r\n                }.tdi_15 .tdm-image{\r\n\t\t\t\t\tborder-color:  #eaeaea;\r\n\t\t\t\t}\n<\/style><a href=\"\/pt\/technology-provide\/metaquotes\/\"   class=\"tdm-inline-image-wrap\" ><img loading=\"lazy\" decoding=\"async\" class=\"tdm-image td-fix-index td-lazy-img\" src=\"data:image\/png;base64,iVBORw0KGgoAAAAANSUhEUgAABCwAAAJEAQMAAADnqyfeAAAAA1BMVEWurq51dlI4AAAAAAXRSTlMmkutdmwAAAG9JREFUeNrswYEAAAAAgKD9qRepAgAAAAAAAAAAAAAAAAAAAAAAAAAAAAAAAAAAAAAAAAAAAAAAAAAAAAAA AAAAAAAAAAAAAAAAAAAADg9uCQAAAAAEDQ\/9fOsAAAAAAAAAAAAAAAAAAAAAAsAox6wABwRHV3QAAAABJRU5ErkJggg==\" data-type=\"image_tag\" data-img-url=\"https:\/\/investmentbell.com\/wp-content\/uploads\/2023\/03\/metaquotes-logo-300x300.png\"  title=\"logo metaquotes\" alt=\"logo metaquotes\" width=\"300\" height=\"300\"><\/a><\/div><\/div><\/div><div class=\"vc_column tdi_17  wpb_column vc_column_container tdc-column td-pb-span6\">\n<style scoped>\n\/* custom css - generated by TagDiv Composer *\/\n\n\/* custom css - generated by TagDiv Composer *\/\n.tdi_17{\r\n                    vertical-align: baseline;\r\n                }.tdi_17 > .wpb_wrapper,\r\n\t\t\t\t.tdi_17 > .wpb_wrapper > .tdc-elements{\r\n\t\t\t\t    display: block;\r\n\t\t\t\t}.tdi_17 > .wpb_wrapper > .tdc-elements{\r\n\t\t\t\t    width: 100%;\r\n\t\t\t\t}.tdi_17 > .wpb_wrapper > .vc_row_inner{\r\n\t\t\t\t    width: auto;\r\n\t\t\t\t}.tdi_17 > .wpb_wrapper{\r\n\t\t\t\t    width: auto;\r\n\t\t\t\t    height: auto;\r\n\t\t\t\t}\n<\/style><div class=\"wpb_wrapper\" ><div class=\"wpb_wrapper td_block_wrap vc_raw_html tdi_19\">\n<style scoped>\n\/* custom css - generated by TagDiv Composer *\/\n\n\/* inline tdc_css att - generated by TagDiv Composer *\/\n\n.tdi_19{\nmargin-bottom:0px !important;\n}\n\n<\/style><div class=\"td-fix-index\"><div class=\"features\">\n<div>\n    <ul>\n    <li><i class=\"tdb-menu-sep tdc-font-fa tdc-font-fa-dot-circle-o\"><\/i>Entregue o gateway de corretores interativos para o MetaTrader 5<\/li>\n    \n   <li><i class=\"tdb-menu-sep tdc-font-fa tdc-font-fa-dot-circle-o\"><\/i>Execute rob\u00f4s de negocia\u00e7\u00e3o e assinaturas de sinal 24 horas por dia, 7 dias por semana (Forex VPS)<\/li>\n   <li><i class=\"tdb-menu-sep tdc-font-fa tdc-font-fa-dot-circle-o\"><\/i>Muitos tipos de plataforma, incluindo o Autochartist, permitem que os membros aproveitem mais oportunidades de mercado<\/li>\n   <li><i class=\"tdb-menu-sep tdc-font-fa tdc-font-fa-dot-circle-o\"><\/i>Construindo relacionamentos duradouros com os clientes<\/li>\n\n    \n    <\/ul>\n    <\/div>\n<\/div><\/div><\/div><\/div><\/div><div class=\"vc_column tdi_21  wpb_column vc_column_container tdc-column td-pb-span3\">\n<style scoped>\n\/* custom css - generated by TagDiv Composer *\/\n\n\/* custom css - generated by TagDiv Composer *\/\n.tdi_21{\r\n                    vertical-align: baseline;\r\n                }.tdi_21 > .wpb_wrapper,\r\n\t\t\t\t.tdi_21 > .wpb_wrapper > .tdc-elements{\r\n\t\t\t\t    display: block;\r\n\t\t\t\t}.tdi_21 > .wpb_wrapper > .tdc-elements{\r\n\t\t\t\t    width: 100%;\r\n\t\t\t\t}.tdi_21 > .wpb_wrapper > .vc_row_inner{\r\n\t\t\t\t    width: auto;\r\n\t\t\t\t}.tdi_21 > .wpb_wrapper{\r\n\t\t\t\t    width: auto;\r\n\t\t\t\t    height: auto;\r\n\t\t\t\t}\n<\/style><div class=\"wpb_wrapper\" ><div class=\"tdm_block td_block_wrap tdm_block_button tdi_22 tdm-block-button-inline tdm-content-horiz-center td-pb-border-top td_block_template_1\"  data-td-block-uid=\"tdi_22\"     >\n<style>\n\n\/* inline tdc_css att - generated by TagDiv Composer *\/\n\n.tdi_22{\nwidth:100% !important;\n}\n\n<\/style>\n<style>\n\/* custom css - generated by TagDiv Composer *\/\n.tdm_block.tdm_block_button{\r\n                  margin-bottom: 0;\r\n                }.tdm_block.tdm_block_button .tds-button{\r\n                  line-height: 0;\r\n                }.tdm_block.tdm_block_button.tdm-block-button-inline{\r\n                  display: inline-block;\r\n                }.tdm_block.tdm_block_button.tdm-block-button-full,\r\n                .tdm_block.tdm_block_button.tdm-block-button-full .tdm-btn{\r\n                  display: block;\r\n                }\n<\/style>\n<style>\n\/* custom css - generated by TagDiv Composer *\/\nbody .tdi_23{\r\n\t\t\t\t\tbackground-color: #c4902d;\r\n\t\t\t\t}\n<\/style><div class=\"tds-button td-fix-index\"><a href=\"https:\/\/www.metaquotes.net\/en\" title=\"Visit Site &gt;&gt;\" class=\"tds-button1 tdm-btn tdm-btn-lg tdi_23\" target=\"_blank\" rel=\"noopener\"><span class=\"tdm-btn-text\">Visite o Site &gt;&gt;<\/span><\/a><\/div><\/div><div class=\"wpb_wrapper td_block_wrap vc_raw_html tdi_25\">\n<style scoped>\n\/* custom css - generated by TagDiv Composer *\/\n\n\/* inline tdc_css att - generated by TagDiv Composer *\/\n\n.tdi_25{\nmargin-bottom:0px !important;\njustify-content:center !important;\ntext-align:center !important;\n}\n\n<\/style><div class=\"td-fix-index\"><h5 class=\"technoly-provider-title\"><a href=\"\/pt\/technology-provide\/metaquotes-review\/\">Revis\u00e3o de MetaQuotes<\/a><\/h5>\n<div class=\"star-rating-box\">\n    <span class=\"star full\"><\/span>\n    <span class=\"star full\"><\/span>\n    <span class=\"star full\"><\/span>\n    <span class=\"star full\"><\/span>\n    <span class=\"star half last\"><\/span>\n<\/div><\/div><\/div><\/div><\/div><\/div><\/div><div id=\"tdi_26\" class=\"tdc-row\"><div class=\"vc_row tdi_27 technology_provider_row wpb_row td-pb-row\" >\n<style scoped>\n\/* custom css - generated by TagDiv Composer *\/\n\n\/* custom css - generated by TagDiv Composer *\/\n.tdi_27,\r\n                .tdi_27 .tdc-columns{\r\n                    min-height: 0;\r\n                }.tdi_27,\r\n\t\t\t\t.tdi_27 .tdc-columns{\r\n\t\t\t\t    display: flex;\r\n\t\t\t\t\r\n\t\t\t\t    flex-direction: row;\r\n\t\t\t\t\r\n\t\t\t\t    flex-wrap: nowrap;\r\n\t\t\t\t\r\n\t\t\t\t    justify-content: flex-start;\r\n\t\t\t\t\r\n\t\t\t\t    align-items: center;\r\n\t\t\t\t}.tdi_27 .tdc-columns{\r\n\t\t\t\t    width: 100%;\r\n\t\t\t\t}.tdi_27:before,\r\n\t\t\t\t.tdi_27:after{\r\n\t\t\t\t    display: none;\r\n\t\t\t\t}\n<\/style><div class=\"vc_column tdi_29  wpb_column vc_column_container tdc-column td-pb-span3\">\n<style scoped>\n\/* custom css - generated by TagDiv Composer *\/\n\n\/* custom css - generated by TagDiv Composer *\/\n.tdi_29{\r\n                    vertical-align: baseline;\r\n                }.tdi_29 > .wpb_wrapper,\r\n\t\t\t\t.tdi_29 > .wpb_wrapper > .tdc-elements{\r\n\t\t\t\t    display: block;\r\n\t\t\t\t}.tdi_29 > .wpb_wrapper > .tdc-elements{\r\n\t\t\t\t    width: 100%;\r\n\t\t\t\t}.tdi_29 > .wpb_wrapper > .vc_row_inner{\r\n\t\t\t\t    width: auto;\r\n\t\t\t\t}.tdi_29 > .wpb_wrapper{\r\n\t\t\t\t    width: auto;\r\n\t\t\t\t    height: auto;\r\n\t\t\t\t}\n<\/style><div class=\"wpb_wrapper\" ><div class=\"tdm_block td_block_wrap tdm_block_inline_image tdi_30 td-animation-stack tdm-inline-block tdm-content-horiz-left td-pb-border-top partner td_block_template_1\"  data-td-block-uid=\"tdi_30\" >\n<style>\n\/* custom css - generated by TagDiv Composer *\/\n.tdi_30 .tdm-inline-image-wrap:hover:before{\r\n                    opacity: 0;\r\n                }.tdi_30 .tdm-image{\r\n\t\t\t\t\tborder-color:  #eaeaea;\r\n\t\t\t\t}\n<\/style><a href=\"\/pt\/technology-provide\/onezero\/\"   class=\"tdm-inline-image-wrap\" ><img loading=\"lazy\" decoding=\"async\" class=\"tdm-image td-fix-index td-lazy-img\" src=\"data:image\/png;base64,iVBORw0KGgoAAAAANSUhEUgAABCwAAAJEAQMAAADnqyfeAAAAA1BMVEWurq51dlI4AAAAAAXRSTlMmkutdmwAAAG9JREFUeNrswYEAAAAAgKD9qRepAgAAAAAAAAAAAAAAAAAAAAAAAAAAAAAAAAAAAAAAAAAAAAAAAAAAAAAA AAAAAAAAAAAAAAAAAAAADg9uCQAAAAAEDQ\/9fOsAAAAAAAAAAAAAAAAAAAAAAsAox6wABwRHV3QAAAABJRU5ErkJggg==\" data-type=\"image_tag\" data-img-url=\"https:\/\/investmentbell.com\/wp-content\/uploads\/2023\/03\/onezero-logo-300x300.png\"  title=\"logo onezero\" alt=\"logo onezero\" width=\"300\" height=\"300\"><\/a><\/div><\/div><\/div><div class=\"vc_column tdi_32  wpb_column vc_column_container tdc-column td-pb-span6\">\n<style scoped>\n\/* custom css - generated by TagDiv Composer *\/\n\n\/* custom css - generated by TagDiv Composer *\/\n.tdi_32{\r\n                    vertical-align: baseline;\r\n                }.tdi_32 > .wpb_wrapper,\r\n\t\t\t\t.tdi_32 > .wpb_wrapper > .tdc-elements{\r\n\t\t\t\t    display: block;\r\n\t\t\t\t}.tdi_32 > .wpb_wrapper > .tdc-elements{\r\n\t\t\t\t    width: 100%;\r\n\t\t\t\t}.tdi_32 > .wpb_wrapper > .vc_row_inner{\r\n\t\t\t\t    width: auto;\r\n\t\t\t\t}.tdi_32 > .wpb_wrapper{\r\n\t\t\t\t    width: auto;\r\n\t\t\t\t    height: auto;\r\n\t\t\t\t}\n<\/style><div class=\"wpb_wrapper\" ><div class=\"wpb_wrapper td_block_wrap vc_raw_html tdi_34\">\n<style scoped>\n\/* custom css - generated by TagDiv Composer *\/\n\n\/* inline tdc_css att - generated by TagDiv Composer *\/\n\n.tdi_34{\nmargin-bottom:0px !important;\n}\n\n<\/style><div class=\"td-fix-index\"><div class=\"features\">\n<div>\n    <ul>\n    <li><i class=\"tdb-menu-sep tdc-font-fa tdc-font-fa-dot-circle-o\"><\/i>Entregue o gateway de corretores interativos para o MetaTrader 5<\/li>\n    <li><i class=\"tdb-menu-sep tdc-font-fa tdc-font-fa-dot-circle-o\"><\/i>Oferecer Servi\u00e7o de Provedor de Hub<\/li>\n    <li><i class=\"tdb-menu-sep tdc-font-fa tdc-font-fa-dot-circle-o\"><\/i>Oferece diferentes Hubs dependendo do tipo de organiza\u00e7\u00e3o e demandas<\/li>\n     <li><i class=\"tdb-menu-sep tdc-font-fa tdc-font-fa-dot-circle-o\"><\/i>Atender Corretores de Varejo, Corretores Institucionais e Bancos e Provedores de Liquidez<\/li>\n      <li><i class=\"tdb-menu-sep tdc-font-fa tdc-font-fa-dot-circle-o\"><\/i>Conectividade premiada<\/li>\n    \n    \n    \n    <\/ul>\n    <\/div>\n<\/div><\/div><\/div><\/div><\/div><div class=\"vc_column tdi_36  wpb_column vc_column_container tdc-column td-pb-span3\">\n<style scoped>\n\/* custom css - generated by TagDiv Composer *\/\n\n\/* custom css - generated by TagDiv Composer *\/\n.tdi_36{\r\n                    vertical-align: baseline;\r\n                }.tdi_36 > .wpb_wrapper,\r\n\t\t\t\t.tdi_36 > .wpb_wrapper > .tdc-elements{\r\n\t\t\t\t    display: block;\r\n\t\t\t\t}.tdi_36 > .wpb_wrapper > .tdc-elements{\r\n\t\t\t\t    width: 100%;\r\n\t\t\t\t}.tdi_36 > .wpb_wrapper > .vc_row_inner{\r\n\t\t\t\t    width: auto;\r\n\t\t\t\t}.tdi_36 > .wpb_wrapper{\r\n\t\t\t\t    width: auto;\r\n\t\t\t\t    height: auto;\r\n\t\t\t\t}\n<\/style><div class=\"wpb_wrapper\" ><div class=\"tdm_block td_block_wrap tdm_block_button tdi_37 tdm-block-button-inline tdm-content-horiz-center td-pb-border-top td_block_template_1\"  data-td-block-uid=\"tdi_37\"     >\n<style>\n\n\/* inline tdc_css att - generated by TagDiv Composer *\/\n\n.tdi_37{\nwidth:100% !important;\n}\n\n<\/style>\n<style>\n\/* custom css - generated by TagDiv Composer *\/\nbody .tdi_38{\r\n\t\t\t\t\tbackground-color: #c4902d;\r\n\t\t\t\t}\n<\/style><div class=\"tds-button td-fix-index\"><a href=\"https:\/\/www.onezero.com\" title=\"Visit Site &gt;&gt;\" class=\"tds-button1 tdm-btn tdm-btn-lg tdi_38\" target=\"_blank\" rel=\"noopener\"><span class=\"tdm-btn-text\">Visite o Site &gt;&gt;<\/span><\/a><\/div><\/div><div class=\"wpb_wrapper td_block_wrap vc_raw_html tdi_40\">\n<style scoped>\n\/* custom css - generated by TagDiv Composer *\/\n\n\/* inline tdc_css att - generated by TagDiv Composer *\/\n\n.tdi_40{\nmargin-bottom:0px !important;\njustify-content:center !important;\ntext-align:center !important;\n}\n\n<\/style><div class=\"td-fix-index\"><h5 class=\"technoly-provider-title\"><a href=\"\/pt\/technology-provide\/onezero-review\/\">Avalia\u00e7\u00e3o oneZero<\/a><\/h5>\n<div class=\"star-rating-box\">\n    <span class=\"star full\"><\/span>\n    <span class=\"star full\"><\/span>\n    <span class=\"star full\"><\/span>\n    <span class=\"star full\"><\/span>\n    <span class=\"star empty last\"><\/span>\n<\/div><\/div><\/div><\/div><\/div><\/div><\/div><div id=\"tdi_41\" class=\"tdc-row\"><div class=\"vc_row tdi_42 technology_provider_row wpb_row td-pb-row\" >\n<style scoped>\n\/* custom css - generated by TagDiv Composer *\/\n\n\/* custom css - generated by TagDiv Composer *\/\n.tdi_42,\r\n                .tdi_42 .tdc-columns{\r\n                    min-height: 0;\r\n                }.tdi_42,\r\n\t\t\t\t.tdi_42 .tdc-columns{\r\n\t\t\t\t    display: flex;\r\n\t\t\t\t\r\n\t\t\t\t    flex-direction: row;\r\n\t\t\t\t\r\n\t\t\t\t    flex-wrap: nowrap;\r\n\t\t\t\t\r\n\t\t\t\t    justify-content: flex-start;\r\n\t\t\t\t\r\n\t\t\t\t    align-items: center;\r\n\t\t\t\t}.tdi_42 .tdc-columns{\r\n\t\t\t\t    width: 100%;\r\n\t\t\t\t}.tdi_42:before,\r\n\t\t\t\t.tdi_42:after{\r\n\t\t\t\t    display: none;\r\n\t\t\t\t}\n<\/style><div class=\"vc_column tdi_44  wpb_column vc_column_container tdc-column td-pb-span3\">\n<style scoped>\n\/* custom css - generated by TagDiv Composer *\/\n\n\/* custom css - generated by TagDiv Composer *\/\n.tdi_44{\r\n                    vertical-align: baseline;\r\n                }.tdi_44 > .wpb_wrapper,\r\n\t\t\t\t.tdi_44 > .wpb_wrapper > .tdc-elements{\r\n\t\t\t\t    display: block;\r\n\t\t\t\t}.tdi_44 > .wpb_wrapper > .tdc-elements{\r\n\t\t\t\t    width: 100%;\r\n\t\t\t\t}.tdi_44 > .wpb_wrapper > .vc_row_inner{\r\n\t\t\t\t    width: auto;\r\n\t\t\t\t}.tdi_44 > .wpb_wrapper{\r\n\t\t\t\t    width: auto;\r\n\t\t\t\t    height: auto;\r\n\t\t\t\t}\n<\/style><div class=\"wpb_wrapper\" ><div class=\"tdm_block td_block_wrap tdm_block_inline_image tdi_45 td-animation-stack tdm-inline-block tdm-content-horiz-left td-pb-border-top partner td_block_template_1\"  data-td-block-uid=\"tdi_45\" >\n<style>\n\/* custom css - generated by TagDiv Composer *\/\n.tdi_45 .tdm-inline-image-wrap:hover:before{\r\n                    opacity: 0;\r\n                }.tdi_45 .tdm-image{\r\n\t\t\t\t\tborder-color:  #eaeaea;\r\n\t\t\t\t}\n<\/style><a href=\"\/pt\/technology-provide\/primexm\/\"   class=\"tdm-inline-image-wrap\" ><img loading=\"lazy\" decoding=\"async\" class=\"tdm-image td-fix-index td-lazy-img\" src=\"data:image\/png;base64,iVBORw0KGgoAAAAANSUhEUgAABCwAAAJEAQMAAADnqyfeAAAAA1BMVEWurq51dlI4AAAAAAXRSTlMmkutdmwAAAG9JREFUeNrswYEAAAAAgKD9qRepAgAAAAAAAAAAAAAAAAAAAAAAAAAAAAAAAAAAAAAAAAAAAAAAAAAAAAAA AAAAAAAAAAAAAAAAAAAADg9uCQAAAAAEDQ\/9fOsAAAAAAAAAAAAAAAAAAAAAAsAox6wABwRHV3QAAAABJRU5ErkJggg==\" data-type=\"image_tag\" data-img-url=\"https:\/\/investmentbell.com\/wp-content\/uploads\/2023\/03\/prime-xm-logo-300x300.png\"  title=\"logo prime xm\" alt=\"logo prime xm\" width=\"300\" height=\"300\"><\/a><\/div><\/div><\/div><div class=\"vc_column tdi_47  wpb_column vc_column_container tdc-column td-pb-span6\">\n<style scoped>\n\/* custom css - generated by TagDiv Composer *\/\n\n\/* custom css - generated by TagDiv Composer *\/\n.tdi_47{\r\n                    vertical-align: baseline;\r\n                }.tdi_47 > .wpb_wrapper,\r\n\t\t\t\t.tdi_47 > .wpb_wrapper > .tdc-elements{\r\n\t\t\t\t    display: block;\r\n\t\t\t\t}.tdi_47 > .wpb_wrapper > .tdc-elements{\r\n\t\t\t\t    width: 100%;\r\n\t\t\t\t}.tdi_47 > .wpb_wrapper > .vc_row_inner{\r\n\t\t\t\t    width: auto;\r\n\t\t\t\t}.tdi_47 > .wpb_wrapper{\r\n\t\t\t\t    width: auto;\r\n\t\t\t\t    height: auto;\r\n\t\t\t\t}\n<\/style><div class=\"wpb_wrapper\" ><div class=\"wpb_wrapper td_block_wrap vc_raw_html tdi_49\">\n<style scoped>\n\/* custom css - generated by TagDiv Composer *\/\n\n\/* inline tdc_css att - generated by TagDiv Composer *\/\n\n.tdi_49{\nmargin-bottom:0px !important;\n}\n\n<\/style><div class=\"td-fix-index\"><div class=\"features\">\n<div>\n    <ul>\n    <li><i class=\"tdb-menu-sep tdc-font-fa tdc-font-fa-dot-circle-o\"><\/i>Ganha o pr\u00eamio de \u201cMelhor Provedor de Hospedagem e Conectividade\u201d 2022<\/li>\n    <li><i class=\"tdb-menu-sep tdc-font-fa tdc-font-fa-dot-circle-o\"><\/i>Tecnologia XCore<\/li>\n    <\/ul>\n    <\/div>\n<\/div><\/div><\/div><\/div><\/div><div class=\"vc_column tdi_51  wpb_column vc_column_container tdc-column td-pb-span3\">\n<style scoped>\n\/* custom css - generated by TagDiv Composer *\/\n\n\/* custom css - generated by TagDiv Composer *\/\n.tdi_51{\r\n                    vertical-align: baseline;\r\n                }.tdi_51 > .wpb_wrapper,\r\n\t\t\t\t.tdi_51 > .wpb_wrapper > .tdc-elements{\r\n\t\t\t\t    display: block;\r\n\t\t\t\t}.tdi_51 > .wpb_wrapper > .tdc-elements{\r\n\t\t\t\t    width: 100%;\r\n\t\t\t\t}.tdi_51 > .wpb_wrapper > .vc_row_inner{\r\n\t\t\t\t    width: auto;\r\n\t\t\t\t}.tdi_51 > .wpb_wrapper{\r\n\t\t\t\t    width: auto;\r\n\t\t\t\t    height: auto;\r\n\t\t\t\t}\n<\/style><div class=\"wpb_wrapper\" ><div class=\"tdm_block td_block_wrap tdm_block_button tdi_52 tdm-block-button-inline tdm-content-horiz-center td-pb-border-top td_block_template_1\"  data-td-block-uid=\"tdi_52\"     >\n<style>\n\n\/* inline tdc_css att - generated by TagDiv Composer *\/\n\n.tdi_52{\nwidth:100% !important;\n}\n\n<\/style>\n<style>\n\/* custom css - generated by TagDiv Composer *\/\nbody .tdi_53{\r\n\t\t\t\t\tbackground-color: #c4902d;\r\n\t\t\t\t}\n<\/style><div class=\"tds-button td-fix-index\"><a href=\"https:\/\/primexm.com\" title=\"Visit Site &gt;&gt;\" class=\"tds-button1 tdm-btn tdm-btn-lg tdi_53\" target=\"_blank\" rel=\"noopener\"><span class=\"tdm-btn-text\">Visite o Site &gt;&gt;<\/span><\/a><\/div><\/div><div class=\"wpb_wrapper td_block_wrap vc_raw_html tdi_55\">\n<style scoped>\n\/* custom css - generated by TagDiv Composer *\/\n\n\/* inline tdc_css att - generated by TagDiv Composer *\/\n\n.tdi_55{\nmargin-bottom:0px !important;\njustify-content:center !important;\ntext-align:center !important;\n}\n\n<\/style><div class=\"td-fix-index\"><h5><a href=\"\/pt\/technology-provider\/primexm-review\/\">Avalia\u00e7\u00e3o PrimeXM<\/a><\/h5>\n<div class=\"star-rating-box\">\n    <span class=\"star  full\"><\/span>\n    <span class=\"star  full\"><\/span>\n    <span class=\"star  full\"><\/span>\n    <span class=\"star  full\"><\/span>\n    <span class=\"star empty last\"><\/span>\n<\/div><\/div><\/div><\/div><\/div><\/div><\/div><\/div><\/div>","protected":false},"excerpt":{"rendered":"","protected":false},"author":13,"featured_media":0,"parent":0,"menu_order":0,"comment_status":"closed","ping_status":"closed","template":"","meta":{"footnotes":""},"class_list":["post-2051","page","type-page","status-publish"],"_links":{"self":[{"href":"https:\/\/investmentbell.com\/pt\/wp-json\/wp\/v2\/pages\/2051","targetHints":{"allow":["GET"]}}],"collection":[{"href":"https:\/\/investmentbell.com\/pt\/wp-json\/wp\/v2\/pages"}],"about":[{"href":"https:\/\/investmentbell.com\/pt\/wp-json\/wp\/v2\/types\/page"}],"author":[{"embeddable":true,"href":"https:\/\/investmentbell.com\/pt\/wp-json\/wp\/v2\/users\/13"}],"replies":[{"embeddable":true,"href":"https:\/\/investmentbell.com\/pt\/wp-json\/wp\/v2\/comments?post=2051"}],"version-history":[{"count":0,"href":"https:\/\/investmentbell.com\/pt\/wp-json\/wp\/v2\/pages\/2051\/revisions"}],"wp:attachment":[{"href":"https:\/\/investmentbell.com\/pt\/wp-json\/wp\/v2\/media?parent=2051"}],"curies":[{"name":"wp","href":"https:\/\/api.w.org\/{rel}","templated":true}]}}